{"id":939,"date":"2021-06-12T06:25:44","date_gmt":"2021-06-12T06:25:44","guid":{"rendered":"https:\/\/gestiongarantizada.com\/index.php\/services\/"},"modified":"2023-05-01T18:24:45","modified_gmt":"2023-05-01T18:24:45","slug":"services","status":"publish","type":"page","link":"https:\/\/gestiongarantizada.com\/index.php\/services\/","title":{"rendered":"Services"},"content":{"rendered":"\t\t<div data-elementor-type=\"wp-page\" data-elementor-id=\"939\" class=\"elementor elementor-939\">\n\t\t\t\t\t\t\t\t\t<section class=\"elementor-section elementor-top-section elementor-element elementor-element-623ea53 elementor-section-boxed elementor-section-height-default elementor-section-height-default\" data-id=\"623ea53\" data-element_type=\"section\" data-settings=\"{&quot;background_background&quot;:&quot;classic&quot;}\" data-e-bg-lazyload=\"\">\n\t\t\t\t\t\t\t<div class=\"elementor-background-overlay\"><\/div>\n\t\t\t\t\t\t\t<div class=\"elementor-container elementor-column-gap-no\">\n\t\t\t\t\t<div class=\"elementor-column elementor-col-100 elementor-top-column elementor-element elementor-element-21ddeff\" data-id=\"21ddeff\" data-element_type=\"column\">\n\t\t\t<div class=\"elementor-widget-wrap elementor-element-populated\">\n\t\t\t\t\t\t\t\t<div class=\"elementor-element elementor-element-a09d3bc elementor-widget elementor-widget-heading\" data-id=\"a09d3bc\" data-element_type=\"widget\" data-widget_type=\"heading.default\">\n\t\t\t\t<div class=\"elementor-widget-container\">\n\t\t\t<style>\/*! elementor - v3.17.0 - 25-10-2023 *\/\n.elementor-heading-title{padding:0;margin:0;line-height:1}.elementor-widget-heading .elementor-heading-title[class*=elementor-size-]>a{color:inherit;font-size:inherit;line-height:inherit}.elementor-widget-heading .elementor-heading-title.elementor-size-small{font-size:15px}.elementor-widget-heading .elementor-heading-title.elementor-size-medium{font-size:19px}.elementor-widget-heading .elementor-heading-title.elementor-size-large{font-size:29px}.elementor-widget-heading .elementor-heading-title.elementor-size-xl{font-size:39px}.elementor-widget-heading .elementor-heading-title.elementor-size-xxl{font-size:59px}<\/style><h1 class=\"elementor-heading-title elementor-size-default\">Servicios<\/h1>\t\t<\/div>\n\t\t\t\t<\/div>\n\t\t\t\t\t<\/div>\n\t\t<\/div>\n\t\t\t\t\t\t\t<\/div>\n\t\t<\/section>\n\t\t\t\t<section class=\"elementor-section elementor-top-section elementor-element elementor-element-e6eecd6 elementor-section-boxed elementor-section-height-default elementor-section-height-default\" data-id=\"e6eecd6\" data-element_type=\"section\" data-settings=\"{&quot;background_background&quot;:&quot;classic&quot;}\">\n\t\t\t\t\t\t\t<div class=\"elementor-background-overlay\"><\/div>\n\t\t\t\t\t\t\t<div class=\"elementor-container elementor-column-gap-no\">\n\t\t\t\t\t<div class=\"elementor-column elementor-col-100 elementor-top-column elementor-element elementor-element-75764c5\" data-id=\"75764c5\" data-element_type=\"column\">\n\t\t\t<div class=\"elementor-widget-wrap elementor-element-populated\">\n\t\t\t\t\t\t\t\t<div class=\"elementor-element elementor-element-1dbc89b elementor-widget elementor-widget-heading\" data-id=\"1dbc89b\" data-element_type=\"widget\" data-widget_type=\"heading.default\">\n\t\t\t\t<div class=\"elementor-widget-container\">\n\t\t\t<h2 class=\"elementor-heading-title elementor-size-default\">Nuestros Servicios<\/h2>\t\t<\/div>\n\t\t\t\t<\/div>\n\t\t\t\t<div class=\"elementor-element elementor-element-b9529bc elementor-widget__width-initial elementor-widget-tablet__width-initial elementor-widget-mobile__width-inherit elementor-position-top elementor-widget elementor-widget-image-box\" data-id=\"b9529bc\" data-element_type=\"widget\" data-widget_type=\"image-box.default\">\n\t\t\t\t<div class=\"elementor-widget-container\">\n\t\t\t<style>\/*! elementor - v3.17.0 - 25-10-2023 *\/\n.elementor-widget-image-box .elementor-image-box-content{width:100%}@media (min-width:768px){.elementor-widget-image-box.elementor-position-left .elementor-image-box-wrapper,.elementor-widget-image-box.elementor-position-right .elementor-image-box-wrapper{display:flex}.elementor-widget-image-box.elementor-position-right .elementor-image-box-wrapper{text-align:right;flex-direction:row-reverse}.elementor-widget-image-box.elementor-position-left .elementor-image-box-wrapper{text-align:left;flex-direction:row}.elementor-widget-image-box.elementor-position-top .elementor-image-box-img{margin:auto}.elementor-widget-image-box.elementor-vertical-align-top .elementor-image-box-wrapper{align-items:flex-start}.elementor-widget-image-box.elementor-vertical-align-middle .elementor-image-box-wrapper{align-items:center}.elementor-widget-image-box.elementor-vertical-align-bottom .elementor-image-box-wrapper{align-items:flex-end}}@media (max-width:767px){.elementor-widget-image-box .elementor-image-box-img{margin-left:auto!important;margin-right:auto!important;margin-bottom:15px}}.elementor-widget-image-box .elementor-image-box-img{display:inline-block}.elementor-widget-image-box .elementor-image-box-title a{color:inherit}.elementor-widget-image-box .elementor-image-box-wrapper{text-align:center}.elementor-widget-image-box .elementor-image-box-description{margin:0}<\/style><div class=\"elementor-image-box-wrapper\"><figure class=\"elementor-image-box-img\"><a href=\"https:\/\/www.uscis.gov\/es\/trabajar-en-estados-unidos\/visitantes-temporales-por-motivos-de-negocio\/b-1-visitante-temporal-por-motivos-de-negocio\" tabindex=\"-1\"><img decoding=\"async\" loading=\"lazy\" width=\"1472\" height=\"1104\" src=\"https:\/\/gestiongarantizada.com\/wp-content\/uploads\/2023\/04\/visas-2.png\" class=\"attachment-full size-full wp-image-1387\" alt=\"\" srcset=\"https:\/\/gestiongarantizada.com\/wp-content\/uploads\/2023\/04\/visas-2.png 1472w, https:\/\/gestiongarantizada.com\/wp-content\/uploads\/2023\/04\/visas-2-300x225.png 300w, https:\/\/gestiongarantizada.com\/wp-content\/uploads\/2023\/04\/visas-2-1024x768.png 1024w, https:\/\/gestiongarantizada.com\/wp-content\/uploads\/2023\/04\/visas-2-768x576.png 768w\" sizes=\"(max-width: 1472px) 100vw, 1472px\" \/><\/a><\/figure><div class=\"elementor-image-box-content\"><h4 class=\"elementor-image-box-title\"><a href=\"https:\/\/www.uscis.gov\/es\/trabajar-en-estados-unidos\/visitantes-temporales-por-motivos-de-negocio\/b-1-visitante-temporal-por-motivos-de-negocio\">Visas de Turismo<\/a><\/h4><p class=\"elementor-image-box-description\">Estar\u00e9mos cont\u00edgo en cada etapa del proceso optimizandolo.<\/p><\/div><\/div>\t\t<\/div>\n\t\t\t\t<\/div>\n\t\t\t\t<div class=\"elementor-element elementor-element-1ee8e7c elementor-widget__width-initial elementor-widget-tablet__width-initial elementor-widget-mobile__width-inherit elementor-position-top elementor-widget elementor-widget-image-box\" data-id=\"1ee8e7c\" data-element_type=\"widget\" data-widget_type=\"image-box.default\">\n\t\t\t\t<div class=\"elementor-widget-container\">\n\t\t\t<div class=\"elementor-image-box-wrapper\"><figure class=\"elementor-image-box-img\"><a href=\"https:\/\/www.uscis.gov\/es\/trabajar-en-estados-unidos\" tabindex=\"-1\"><img decoding=\"async\" loading=\"lazy\" width=\"1472\" height=\"1104\" src=\"https:\/\/gestiongarantizada.com\/wp-content\/uploads\/2023\/04\/visa-trabajo-1.png\" class=\"attachment-full size-full wp-image-1385\" alt=\"\" srcset=\"https:\/\/gestiongarantizada.com\/wp-content\/uploads\/2023\/04\/visa-trabajo-1.png 1472w, https:\/\/gestiongarantizada.com\/wp-content\/uploads\/2023\/04\/visa-trabajo-1-300x225.png 300w, https:\/\/gestiongarantizada.com\/wp-content\/uploads\/2023\/04\/visa-trabajo-1-1024x768.png 1024w, https:\/\/gestiongarantizada.com\/wp-content\/uploads\/2023\/04\/visa-trabajo-1-768x576.png 768w\" sizes=\"(max-width: 1472px) 100vw, 1472px\" \/><\/a><\/figure><div class=\"elementor-image-box-content\"><h4 class=\"elementor-image-box-title\"><a href=\"https:\/\/www.uscis.gov\/es\/trabajar-en-estados-unidos\">Visas de Trabajo<\/a><\/h4><p class=\"elementor-image-box-description\">Le ayudaremos a usted y a su patrocinador a gestionar correctamente  su visa.<\/p><\/div><\/div>\t\t<\/div>\n\t\t\t\t<\/div>\n\t\t\t\t<div class=\"elementor-element elementor-element-cd7a0c6 elementor-widget__width-initial elementor-widget-tablet__width-initial elementor-widget-mobile__width-inherit elementor-position-top elementor-widget elementor-widget-image-box\" data-id=\"cd7a0c6\" data-element_type=\"widget\" data-widget_type=\"image-box.default\">\n\t\t\t\t<div class=\"elementor-widget-container\">\n\t\t\t<div class=\"elementor-image-box-wrapper\"><figure class=\"elementor-image-box-img\"><a href=\"https:\/\/www.uscis.gov\/es\/residencia-permanente-tarjeta-verde\" tabindex=\"-1\"><img decoding=\"async\" loading=\"lazy\" width=\"1472\" height=\"1104\" src=\"https:\/\/gestiongarantizada.com\/wp-content\/uploads\/2023\/04\/green-card-1.png\" class=\"attachment-full size-full wp-image-1389\" alt=\"\" srcset=\"https:\/\/gestiongarantizada.com\/wp-content\/uploads\/2023\/04\/green-card-1.png 1472w, https:\/\/gestiongarantizada.com\/wp-content\/uploads\/2023\/04\/green-card-1-300x225.png 300w, https:\/\/gestiongarantizada.com\/wp-content\/uploads\/2023\/04\/green-card-1-1024x768.png 1024w, https:\/\/gestiongarantizada.com\/wp-content\/uploads\/2023\/04\/green-card-1-768x576.png 768w\" sizes=\"(max-width: 1472px) 100vw, 1472px\" \/><\/a><\/figure><div class=\"elementor-image-box-content\"><h4 class=\"elementor-image-box-title\"><a href=\"https:\/\/www.uscis.gov\/es\/residencia-permanente-tarjeta-verde\">Permiso de Residencia<\/a><\/h4><p class=\"elementor-image-box-description\">Organizamos tu proceso de permiso de residencia.<\/p><\/div><\/div>\t\t<\/div>\n\t\t\t\t<\/div>\n\t\t\t\t<div class=\"elementor-element elementor-element-56af1c9 elementor-widget__width-initial elementor-widget-tablet__width-initial elementor-widget-mobile__width-inherit elementor-position-top elementor-widget elementor-widget-image-box\" data-id=\"56af1c9\" data-element_type=\"widget\" data-widget_type=\"image-box.default\">\n\t\t\t\t<div class=\"elementor-widget-container\">\n\t\t\t<div class=\"elementor-image-box-wrapper\"><figure class=\"elementor-image-box-img\"><a href=\"https:\/\/www.gob.mx\/tramites\/ficha\/expedicion-de-licencia-federal-de-conductor-modalidad-internacional\/SCT1106\" tabindex=\"-1\"><img decoding=\"async\" loading=\"lazy\" width=\"1472\" height=\"1104\" src=\"https:\/\/gestiongarantizada.com\/wp-content\/uploads\/2023\/04\/licencia-federal.png\" class=\"attachment-full size-full wp-image-1381\" alt=\"\" srcset=\"https:\/\/gestiongarantizada.com\/wp-content\/uploads\/2023\/04\/licencia-federal.png 1472w, https:\/\/gestiongarantizada.com\/wp-content\/uploads\/2023\/04\/licencia-federal-300x225.png 300w, https:\/\/gestiongarantizada.com\/wp-content\/uploads\/2023\/04\/licencia-federal-1024x768.png 1024w, https:\/\/gestiongarantizada.com\/wp-content\/uploads\/2023\/04\/licencia-federal-768x576.png 768w\" sizes=\"(max-width: 1472px) 100vw, 1472px\" \/><\/a><\/figure><div class=\"elementor-image-box-content\"><h4 class=\"elementor-image-box-title\"><a href=\"https:\/\/www.gob.mx\/tramites\/ficha\/expedicion-de-licencia-federal-de-conductor-modalidad-internacional\/SCT1106\">Licencia de Conducir Federal Internacional<\/a><\/h4><p class=\"elementor-image-box-description\">Gestionamos su licencia para: Materiales peligrosos - Carga pesada -  tr\u00e1iler - trocas con cargas conectadas - \ncomercial para Uber y otros negocios comerciales.<\/p><\/div><\/div>\t\t<\/div>\n\t\t\t\t<\/div>\n\t\t\t\t<div class=\"elementor-element elementor-element-ff6dc9f elementor-widget__width-initial elementor-widget-tablet__width-initial elementor-widget-mobile__width-inherit elementor-position-top elementor-widget elementor-widget-image-box\" data-id=\"ff6dc9f\" data-element_type=\"widget\" data-widget_type=\"image-box.default\">\n\t\t\t\t<div class=\"elementor-widget-container\">\n\t\t\t<div class=\"elementor-image-box-wrapper\"><figure class=\"elementor-image-box-img\"><img decoding=\"async\" loading=\"lazy\" width=\"1472\" height=\"1104\" src=\"https:\/\/gestiongarantizada.com\/wp-content\/uploads\/2023\/04\/licencia-1.png\" class=\"attachment-full size-full wp-image-1382\" alt=\"\" srcset=\"https:\/\/gestiongarantizada.com\/wp-content\/uploads\/2023\/04\/licencia-1.png 1472w, https:\/\/gestiongarantizada.com\/wp-content\/uploads\/2023\/04\/licencia-1-300x225.png 300w, https:\/\/gestiongarantizada.com\/wp-content\/uploads\/2023\/04\/licencia-1-1024x768.png 1024w, https:\/\/gestiongarantizada.com\/wp-content\/uploads\/2023\/04\/licencia-1-768x576.png 768w\" sizes=\"(max-width: 1472px) 100vw, 1472px\" \/><\/figure><div class=\"elementor-image-box-content\"><h4 class=\"elementor-image-box-title\">Licencia de Conducir Estatal<\/h4><p class=\"elementor-image-box-description\">Gestionamos su licencia para: Carros, - Trocas - Camionetas<\/p><\/div><\/div>\t\t<\/div>\n\t\t\t\t<\/div>\n\t\t\t\t<div class=\"elementor-element elementor-element-24b722c elementor-widget__width-initial elementor-widget-tablet__width-initial elementor-widget-mobile__width-inherit elementor-position-top elementor-widget elementor-widget-image-box\" data-id=\"24b722c\" data-element_type=\"widget\" data-widget_type=\"image-box.default\">\n\t\t\t\t<div class=\"elementor-widget-container\">\n\t\t\t<div class=\"elementor-image-box-wrapper\"><figure class=\"elementor-image-box-img\"><img decoding=\"async\" loading=\"lazy\" width=\"1472\" height=\"1104\" src=\"https:\/\/gestiongarantizada.com\/wp-content\/uploads\/2023\/04\/legalizaciones.jpg\" class=\"attachment-full size-full wp-image-1378\" alt=\"\" srcset=\"https:\/\/gestiongarantizada.com\/wp-content\/uploads\/2023\/04\/legalizaciones.jpg 1472w, https:\/\/gestiongarantizada.com\/wp-content\/uploads\/2023\/04\/legalizaciones-300x225.jpg 300w, https:\/\/gestiongarantizada.com\/wp-content\/uploads\/2023\/04\/legalizaciones-1024x768.jpg 1024w, https:\/\/gestiongarantizada.com\/wp-content\/uploads\/2023\/04\/legalizaciones-768x576.jpg 768w\" sizes=\"(max-width: 1472px) 100vw, 1472px\" \/><\/figure><div class=\"elementor-image-box-content\"><h4 class=\"elementor-image-box-title\">Legalizacion de Veh\u00edculos<\/h4><p class=\"elementor-image-box-description\">Asesor\u00eda y Gesti\u00f3n de todos los tr\u00e1mites requeridos en M\u00e9xico, Estados Un\u00eddos y Canad\u00e1<\/p><\/div><\/div>\t\t<\/div>\n\t\t\t\t<\/div>\n\t\t\t\t<div class=\"elementor-element elementor-element-bbd436f elementor-widget__width-initial elementor-widget-tablet__width-initial elementor-widget-mobile__width-inherit elementor-position-top elementor-widget elementor-widget-image-box\" data-id=\"bbd436f\" data-element_type=\"widget\" data-widget_type=\"image-box.default\">\n\t\t\t\t<div class=\"elementor-widget-container\">\n\t\t\t<div class=\"elementor-image-box-wrapper\"><figure class=\"elementor-image-box-img\"><img decoding=\"async\" loading=\"lazy\" width=\"1472\" height=\"1104\" src=\"https:\/\/gestiongarantizada.com\/wp-content\/uploads\/2023\/04\/apertura-banco.png\" class=\"attachment-full size-full wp-image-1391\" alt=\"\" srcset=\"https:\/\/gestiongarantizada.com\/wp-content\/uploads\/2023\/04\/apertura-banco.png 1472w, https:\/\/gestiongarantizada.com\/wp-content\/uploads\/2023\/04\/apertura-banco-300x225.png 300w, https:\/\/gestiongarantizada.com\/wp-content\/uploads\/2023\/04\/apertura-banco-1024x768.png 1024w, https:\/\/gestiongarantizada.com\/wp-content\/uploads\/2023\/04\/apertura-banco-768x576.png 768w\" sizes=\"(max-width: 1472px) 100vw, 1472px\" \/><\/figure><div class=\"elementor-image-box-content\"><h4 class=\"elementor-image-box-title\">Apertura Cuentas Bancarias<\/h4><\/div><\/div>\t\t<\/div>\n\t\t\t\t<\/div>\n\t\t\t\t<div class=\"elementor-element elementor-element-84cfba1 elementor-widget__width-initial elementor-widget-tablet__width-initial elementor-widget-mobile__width-inherit elementor-position-top elementor-widget elementor-widget-image-box\" data-id=\"84cfba1\" data-element_type=\"widget\" data-widget_type=\"image-box.default\">\n\t\t\t\t<div class=\"elementor-widget-container\">\n\t\t\t<div class=\"elementor-image-box-wrapper\"><figure class=\"elementor-image-box-img\"><img decoding=\"async\" loading=\"lazy\" width=\"1472\" height=\"1104\" src=\"https:\/\/gestiongarantizada.com\/wp-content\/uploads\/2023\/05\/banjercito.png\" class=\"attachment-full size-full wp-image-1459\" alt=\"\" srcset=\"https:\/\/gestiongarantizada.com\/wp-content\/uploads\/2023\/05\/banjercito.png 1472w, https:\/\/gestiongarantizada.com\/wp-content\/uploads\/2023\/05\/banjercito-300x225.png 300w, https:\/\/gestiongarantizada.com\/wp-content\/uploads\/2023\/05\/banjercito-1024x768.png 1024w, https:\/\/gestiongarantizada.com\/wp-content\/uploads\/2023\/05\/banjercito-768x576.png 768w\" sizes=\"(max-width: 1472px) 100vw, 1472px\" \/><\/figure><div class=\"elementor-image-box-content\"><h4 class=\"elementor-image-box-title\">Banejercito<\/h4><\/div><\/div>\t\t<\/div>\n\t\t\t\t<\/div>\n\t\t\t\t<div class=\"elementor-element elementor-element-04f872b elementor-widget__width-initial elementor-widget-tablet__width-initial elementor-widget-mobile__width-inherit elementor-position-top elementor-widget elementor-widget-image-box\" data-id=\"04f872b\" data-element_type=\"widget\" data-widget_type=\"image-box.default\">\n\t\t\t\t<div class=\"elementor-widget-container\">\n\t\t\t<div class=\"elementor-image-box-wrapper\"><figure class=\"elementor-image-box-img\"><img decoding=\"async\" loading=\"lazy\" width=\"1472\" height=\"1104\" src=\"https:\/\/gestiongarantizada.com\/wp-content\/uploads\/2023\/05\/abogado.png\" class=\"attachment-full size-full wp-image-1458\" alt=\"\" srcset=\"https:\/\/gestiongarantizada.com\/wp-content\/uploads\/2023\/05\/abogado.png 1472w, https:\/\/gestiongarantizada.com\/wp-content\/uploads\/2023\/05\/abogado-300x225.png 300w, https:\/\/gestiongarantizada.com\/wp-content\/uploads\/2023\/05\/abogado-1024x768.png 1024w, https:\/\/gestiongarantizada.com\/wp-content\/uploads\/2023\/05\/abogado-768x576.png 768w\" sizes=\"(max-width: 1472px) 100vw, 1472px\" \/><\/figure><div class=\"elementor-image-box-content\"><h4 class=\"elementor-image-box-title\">Divorcios<\/h4><p class=\"elementor-image-box-description\">Contraidos en M\u00e9xico o los Estados Unidos.<\/p><\/div><\/div>\t\t<\/div>\n\t\t\t\t<\/div>\n\t\t\t\t\t<\/div>\n\t\t<\/div>\n\t\t\t\t\t\t\t<\/div>\n\t\t<\/section>\n\t\t\t\t<section class=\"elementor-section elementor-top-section elementor-element elementor-element-fdb1e5e elementor-section-boxed elementor-section-height-default elementor-section-height-default\" data-id=\"fdb1e5e\" data-element_type=\"section\" data-settings=\"{&quot;shape_divider_top&quot;:&quot;opacity-tilt&quot;,&quot;background_background&quot;:&quot;classic&quot;}\" data-e-bg-lazyload=\"\">\n\t\t\t\t\t\t\t<div class=\"elementor-background-overlay\"><\/div>\n\t\t\t\t\t\t<div class=\"elementor-shape elementor-shape-top\" data-negative=\"false\">\n\t\t\t<svg xmlns=\"http:\/\/www.w3.org\/2000\/svg\" viewBox=\"0 0 2600 131.1\" preserveAspectRatio=\"none\">\n\t<path class=\"elementor-shape-fill\" d=\"M0 0L2600 0 2600 69.1 0 0z\"\/>\n\t<path class=\"elementor-shape-fill\" style=\"opacity:0.5\" d=\"M0 0L2600 0 2600 69.1 0 69.1z\"\/>\n\t<path class=\"elementor-shape-fill\" style=\"opacity:0.25\" d=\"M2600 0L0 0 0 130.1 2600 69.1z\"\/>\n<\/svg>\t\t<\/div>\n\t\t\t\t\t<div class=\"elementor-container elementor-column-gap-no\">\n\t\t\t\t\t<div class=\"elementor-column elementor-col-100 elementor-top-column elementor-element elementor-element-ad7e385\" data-id=\"ad7e385\" data-element_type=\"column\" data-settings=\"{&quot;background_background&quot;:&quot;gradient&quot;}\">\n\t\t\t<div class=\"elementor-widget-wrap elementor-element-populated\">\n\t\t\t\t\t\t\t\t<div class=\"elementor-element elementor-element-4166dbb elementor-widget elementor-widget-heading\" data-id=\"4166dbb\" data-element_type=\"widget\" data-widget_type=\"heading.default\">\n\t\t\t\t<div class=\"elementor-widget-container\">\n\t\t\t<h6 class=\"elementor-heading-title elementor-size-default\">Solicite Asesor\u00eda<\/h6>\t\t<\/div>\n\t\t\t\t<\/div>\n\t\t\t\t<div class=\"elementor-element elementor-element-9924f6e elementor-vertical-align-top elementor-widget elementor-widget-icon-box\" data-id=\"9924f6e\" data-element_type=\"widget\" data-widget_type=\"icon-box.default\">\n\t\t\t\t<div class=\"elementor-widget-container\">\n\t\t\t<link rel=\"stylesheet\" href=\"https:\/\/gestiongarantizada.com\/wp-content\/plugins\/elementor\/assets\/css\/widget-icon-box.min.css\">\t\t<div class=\"elementor-icon-box-wrapper\">\n\t\t\t\t\t\t<div class=\"elementor-icon-box-content\">\n\t\t\t\t<h2 class=\"elementor-icon-box-title\">\n\t\t\t\t\t<span  >\n\t\t\t\t\t\tPrograme su cita\t\t\t\t\t<\/span>\n\t\t\t\t<\/h2>\n\t\t\t\t\t\t\t<\/div>\n\t\t<\/div>\n\t\t\t\t<\/div>\n\t\t\t\t<\/div>\n\t\t\t\t\t<\/div>\n\t\t<\/div>\n\t\t\t\t\t\t\t<\/div>\n\t\t<\/section>\n\t\t<div class=\"elementor-element elementor-element-6bb375e e-flex e-con-boxed e-con e-parent\" data-id=\"6bb375e\" data-element_type=\"container\" data-settings=\"{&quot;content_width&quot;:&quot;boxed&quot;}\" data-core-v316-plus=\"true\">\n\t\t\t\t\t<div class=\"e-con-inner\">\n\t\t\t\t\t<\/div>\n\t\t\t\t<\/div>\n\t\t\t\t\t\t\t<\/div>\n\t\t","protected":false},"excerpt":{"rendered":"<p>Servicios Nuestros Servicios Visas de Turismo Estar\u00e9mos cont\u00edgo en cada etapa del proceso optimizandolo. Visas de Trabajo Le ayudaremos a usted y a su patrocinador a gestionar correctamente su visa. Permiso de Residencia Organizamos tu proceso de permiso de residencia. Licencia de Conducir Federal Internacional Gestionamos su licencia para: Materiales peligrosos &#8211; Carga pesada &#8211; &hellip;<\/p>\n<p class=\"read-more\"> <a class=\"\" href=\"https:\/\/gestiongarantizada.com\/index.php\/services\/\"> <span class=\"screen-reader-text\">Services<\/span> Read More &raquo;<\/a><\/p>\n","protected":false},"author":1,"featured_media":0,"parent":0,"menu_order":0,"comment_status":"closed","ping_status":"closed","template":"","meta":{"site-sidebar-layout":"no-sidebar","site-content-layout":"page-builder","ast-site-content-layout":"","site-content-style":"default","site-sidebar-style":"default","ast-global-header-display":"","ast-banner-title-visibility":"","ast-main-header-display":"","ast-hfb-above-header-display":"","ast-hfb-below-header-display":"","ast-hfb-mobile-header-display":"","site-post-title":"disabled","ast-breadcrumbs-content":"disabled","ast-featured-img":"disabled","footer-sml-layout":"","theme-transparent-header-meta":"enabled","adv-header-id-meta":"","stick-header-meta":"","header-above-stick-meta":"","header-main-stick-meta":"","header-below-stick-meta":"","astra-migrate-meta-layouts":"","footnotes":""},"_links":{"self":[{"href":"https:\/\/gestiongarantizada.com\/index.php\/wp-json\/wp\/v2\/pages\/939"}],"collection":[{"href":"https:\/\/gestiongarantizada.com\/index.php\/wp-json\/wp\/v2\/pages"}],"about":[{"href":"https:\/\/gestiongarantizada.com\/index.php\/wp-json\/wp\/v2\/types\/page"}],"author":[{"embeddable":true,"href":"https:\/\/gestiongarantizada.com\/index.php\/wp-json\/wp\/v2\/users\/1"}],"replies":[{"embeddable":true,"href":"https:\/\/gestiongarantizada.com\/index.php\/wp-json\/wp\/v2\/comments?post=939"}],"version-history":[{"count":100,"href":"https:\/\/gestiongarantizada.com\/index.php\/wp-json\/wp\/v2\/pages\/939\/revisions"}],"predecessor-version":[{"id":1631,"href":"https:\/\/gestiongarantizada.com\/index.php\/wp-json\/wp\/v2\/pages\/939\/revisions\/1631"}],"wp:attachment":[{"href":"https:\/\/gestiongarantizada.com\/index.php\/wp-json\/wp\/v2\/media?parent=939"}],"curies":[{"name":"wp","href":"https:\/\/api.w.org\/{rel}","templated":true}]}}